{"id":251425,"date":"2024-01-15T11:40:15","date_gmt":"2024-01-15T11:40:15","guid":{"rendered":"https:\/\/museos-cultura.zaragoza.es\/info-musee-du-port-fluvial\/"},"modified":"2024-09-16T09:05:13","modified_gmt":"2024-09-16T09:05:13","slug":"info-musee-du-port-fluvial","status":"publish","type":"page","link":"https:\/\/museos-cultura.zaragoza.es\/fr\/info-musee-du-port-fluvial\/","title":{"rendered":"Info Mus\u00e9e du Port fluvial"},"content":{"rendered":"<p>[et_pb_section fb_built=\u00a0\u00bb1&Prime; _builder_version=\u00a0\u00bb4.27.0&Prime; _module_preset=\u00a0\u00bbdefault\u00a0\u00bb background_color=\u00a0\u00bb#f5f5f5&Prime; custom_padding=\u00a0\u00bb40px||40px|||\u00a0\u00bb global_colors_info=\u00a0\u00bb{}\u00a0\u00bb][et_pb_row column_structure=\u00a0\u00bb2_5,3_5&Prime; use_custom_gutter=\u00a0\u00bbon\u00a0\u00bb gutter_width=\u00a0\u00bb2&Prime; make_equal=\u00a0\u00bbon\u00a0\u00bb disabled_on=\u00a0\u00bboff|off|off\u00a0\u00bb module_class=\u00a0\u00bbinline-buttons\u00a0\u00bb _builder_version=\u00a0\u00bb4.27.0&Prime; _module_preset=\u00a0\u00bbdefault\u00a0\u00bb background_color=\u00a0\u00bb#FFFFFF\u00a0\u00bb max_width=\u00a0\u00bb1270px\u00a0\u00bb custom_margin=\u00a0\u00bb50px||50px||true|false\u00a0\u00bb custom_padding=\u00a0\u00bb2px|2px|2px|2px|true|true\u00a0\u00bb border_style_all=\u00a0\u00bbdouble\u00a0\u00bb locked=\u00a0\u00bboff\u00a0\u00bb global_colors_info=\u00a0\u00bb{}\u00a0\u00bb][et_pb_column type=\u00a0\u00bb2_5&Prime; _builder_version=\u00a0\u00bb4.23.4&Prime; _module_preset=\u00a0\u00bbdefault\u00a0\u00bb global_colors_info=\u00a0\u00bb{}\u00a0\u00bb][et_pb_image src=\u00a0\u00bbhttps:\/\/museos-cultura.zaragoza.es\/wp-content\/uploads\/2024\/03\/MuseodelPuerto.jpg\u00a0\u00bb title_text=\u00a0\u00bbMuseodelPuerto\u00a0\u00bb force_fullwidth=\u00a0\u00bbon\u00a0\u00bb _builder_version=\u00a0\u00bb4.27.0&Prime; _module_preset=\u00a0\u00bbdefault\u00a0\u00bb height_tablet=\u00a0\u00bb270px\u00a0\u00bb height_phone=\u00a0\u00bb220px\u00a0\u00bb height_last_edited=\u00a0\u00bbon|phone\u00a0\u00bb global_colors_info=\u00a0\u00bb{}\u00a0\u00bb][\/et_pb_image][\/et_pb_column][et_pb_column type=\u00a0\u00bb3_5&Prime; module_class=\u00a0\u00bbinline-buttons\u00a0\u00bb _builder_version=\u00a0\u00bb4.23.4&Prime; _module_preset=\u00a0\u00bbdefault\u00a0\u00bb global_colors_info=\u00a0\u00bb{}\u00a0\u00bb][et_pb_text _builder_version=\u00a0\u00bb4.24.1&Prime; _module_preset=\u00a0\u00bbdefault\u00a0\u00bb text_font=\u00a0\u00bbArial|600|||||||\u00a0\u00bb header_font=\u00a0\u00bb|700|||||||\u00a0\u00bb header_3_font=\u00a0\u00bb|700|||||||\u00a0\u00bb custom_margin=\u00a0\u00bb1vw||0.5vw||false|false\u00a0\u00bb custom_margin_tablet=\u00a0\u00bb10px||15px|10px|false|false\u00a0\u00bb custom_margin_phone=\u00a0\u00bb1vw||1vw||true|false\u00a0\u00bb custom_margin_last_edited=\u00a0\u00bbon|phone\u00a0\u00bb custom_padding=\u00a0\u00bb||||false|false\u00a0\u00bb header_3_font_size_tablet=\u00a0\u00bb16px\u00a0\u00bb header_3_font_size_phone=\u00a0\u00bb14px\u00a0\u00bb header_3_font_size_last_edited=\u00a0\u00bbon|desktop\u00a0\u00bb global_colors_info=\u00a0\u00bb{}\u00a0\u00bb]<\/p>\n<h3><span style=\"color: #808080;\">Billet <\/span><span style=\"color: #000000;\">Mus\u00e9e du Port fluvial de Caesaraugusta<\/span><\/h3>\n<p>[\/et_pb_text][et_pb_text _builder_version=\u00a0\u00bb4.27.0&Prime; _module_preset=\u00a0\u00bbdefault\u00a0\u00bb text_font=\u00a0\u00bb||||||||\u00a0\u00bb text_text_color=\u00a0\u00bb#000000&Prime; text_line_height=\u00a0\u00bb1.6em\u00a0\u00bb text_orientation=\u00a0\u00bbjustified\u00a0\u00bb custom_margin=\u00a0\u00bb|50px|5vw||false|false\u00a0\u00bb custom_margin_tablet=\u00a0\u00bb1vw|10px|1vw|10px|true|true\u00a0\u00bb custom_margin_phone=\u00a0\u00bb1vw|10px|4vw|10px|false|true\u00a0\u00bb custom_margin_last_edited=\u00a0\u00bbon|phone\u00a0\u00bb text_font_size_tablet=\u00a0\u00bb\u00a0\u00bb text_font_size_phone=\u00a0\u00bb12px\u00a0\u00bb text_font_size_last_edited=\u00a0\u00bbon|phone\u00a0\u00bb global_colors_info=\u00a0\u00bb{}\u00a0\u00bb]<\/p>\n<p>Le complexe monumental conserv\u00e9, dat\u00e9 entre la fin du Ier si\u00e8cle av. J.-C. et le Ier si\u00e8cle apr. J.-C., se compose de plusieurs embrasures appartenant \u00e0 une fa\u00e7ade d\u2019arches, qui donnaient acc\u00e8s \u00e0 un vestibule o\u00f9 des marches reliaient les quais du port et le forum de la cit\u00e9.<\/p>\n<p>[\/et_pb_text][et_pb_button button_url=\u00a0\u00bb@ET-DC@eyJkeW5hbWljIjp0cnVlLCJjb250ZW50IjoicG9zdF9saW5rX3VybF9wYWdlIiwic2V0dGluZ3MiOnsicG9zdF9pZCI6IjI0OTgxNSJ9fQ==@\u00a0\u00bb button_text=\u00a0\u00bbACHETER\u00a0\u00bb button_alignment=\u00a0\u00bbright\u00a0\u00bb button_alignment_tablet=\u00a0\u00bbcenter\u00a0\u00bb button_alignment_phone=\u00a0\u00bbcenter\u00a0\u00bb button_alignment_last_edited=\u00a0\u00bbon|tablet\u00a0\u00bb _builder_version=\u00a0\u00bb4.27.0&Prime; _dynamic_attributes=\u00a0\u00bbbutton_url\u00a0\u00bb _module_preset=\u00a0\u00bbdefault\u00a0\u00bb custom_button=\u00a0\u00bbon\u00a0\u00bb button_text_size=\u00a0\u00bb16px\u00a0\u00bb button_text_color=\u00a0\u00bb#FFFFFF\u00a0\u00bb button_bg_color=\u00a0\u00bb#4b4b4b\u00a0\u00bb button_border_width=\u00a0\u00bb0px\u00a0\u00bb button_border_radius=\u00a0\u00bb0px\u00a0\u00bb button_letter_spacing=\u00a0\u00bb1px\u00a0\u00bb button_font=\u00a0\u00bb||||||||\u00a0\u00bb button_use_icon=\u00a0\u00bboff\u00a0\u00bb custom_margin=\u00a0\u00bb5px||5px|30vw|true|false\u00a0\u00bb custom_padding=\u00a0\u00bb8px|20px|8px|20px|true|true\u00a0\u00bb button_text_size_tablet=\u00a0\u00bb14px\u00a0\u00bb button_text_size_phone=\u00a0\u00bb14px\u00a0\u00bb button_text_size_last_edited=\u00a0\u00bbon|phone\u00a0\u00bb global_colors_info=\u00a0\u00bb{}\u00a0\u00bb button_bg_color__hover_enabled=\u00a0\u00bbon|hover\u00a0\u00bb button_bg_color__hover=\u00a0\u00bb#736554&Prime; button_bg_enable_color__hover=\u00a0\u00bbon\u00a0\u00bb][\/et_pb_button][\/et_pb_column][\/et_pb_row][\/et_pb_section][et_pb_section fb_built=\u00a0\u00bb1&Prime; custom_padding_last_edited=\u00a0\u00bbon|phone\u00a0\u00bb _builder_version=\u00a0\u00bb4.24.1&Prime; _module_preset=\u00a0\u00bbdefault\u00a0\u00bb background_enable_color=\u00a0\u00bboff\u00a0\u00bb custom_padding=\u00a0\u00bb40px||40px||true|false\u00a0\u00bb custom_padding_tablet=\u00a0\u00bb\u00a0\u00bb custom_padding_phone=\u00a0\u00bb0px||0px||true|false\u00a0\u00bb locked=\u00a0\u00bboff\u00a0\u00bb global_colors_info=\u00a0\u00bb{}\u00a0\u00bb][et_pb_row _builder_version=\u00a0\u00bb4.27.0&Prime; _module_preset=\u00a0\u00bbdefault\u00a0\u00bb background_color=\u00a0\u00bbRGBA(255,255,255,0)\u00a0\u00bb max_width=\u00a0\u00bb1300px\u00a0\u00bb hover_enabled=\u00a0\u00bb0&Prime; global_colors_info=\u00a0\u00bb{}\u00a0\u00bb disabled_on=\u00a0\u00bbon|on|off\u00a0\u00bb sticky_enabled=\u00a0\u00bb0&Prime;][et_pb_column type=\u00a0\u00bb4_4&Prime; _builder_version=\u00a0\u00bb4.24.1&Prime; _module_preset=\u00a0\u00bbdefault\u00a0\u00bb global_colors_info=\u00a0\u00bb{}\u00a0\u00bb][pac_dtm_parent pac_dtm_position=\u00a0\u00bbleft\u00a0\u00bb pac_dtm_full_width_gap=\u00a0\u00bb3px\u00a0\u00bb pac_dtm_active_tab_pointer=\u00a0\u00bbon\u00a0\u00bb pac_dtm_active_tab_pointer_size=\u00a0\u00bb6px\u00a0\u00bb pac_dtm_active_tab_pointer_color=\u00a0\u00bb#000000&Prime; pac_dtm_active_tab_background_color=\u00a0\u00bbrgba(75,75,75,0.64)\u00a0\u00bb pac_dtm_inactive_tab_background_color=\u00a0\u00bb#FFFFFF\u00a0\u00bb pac_dtm_tab_content_padding=\u00a0\u00bb10px||10px||false|true\u00a0\u00bb _builder_version=\u00a0\u00bb4.27.0&Prime; _module_preset=\u00a0\u00bbdefault\u00a0\u00bb pac_dtm_tab_title_fonts_text_color=\u00a0\u00bb#000000&Prime; pac_dtm_active_tab_title_fonts_text_color=\u00a0\u00bb#FFFFFF\u00a0\u00bb background_color=\u00a0\u00bb#E02B20&Prime; hover_enabled=\u00a0\u00bb0&Prime; global_colors_info=\u00a0\u00bb{}\u00a0\u00bb sticky_enabled=\u00a0\u00bb0&Prime;][pac_dtm_child pac_dtm_tab_label=\u00a0\u00bbHoraires et tarifs\u00a0\u00bb pac_dtm_use_img_icon=\u00a0\u00bbon\u00a0\u00bb pac_dtm_icon=\u00a0\u00bb&#xe060;||divi||400&Prime; pac_dtm_tab_bg_color=\u00a0\u00bbwhitesmoke\u00a0\u00bb _builder_version=\u00a0\u00bb4.27.0&Prime; _module_preset=\u00a0\u00bbdefault\u00a0\u00bb background_enable_color=\u00a0\u00bboff\u00a0\u00bb hover_enabled=\u00a0\u00bb0&Prime; global_colors_info=\u00a0\u00bb{}\u00a0\u00bb sticky_enabled=\u00a0\u00bb0&Prime;][et_pb_section global_module=\"250535 \"][\/et_pb_section][\/pac_dtm_child][pac_dtm_child pac_dtm_tab_label=\u00a0\u00bb<br \/>\nRecommandations de visite\u00a0\u00bb pac_dtm_use_img_icon=\u00a0\u00bbon\u00a0\u00bb pac_dtm_icon=\u00a0\u00bb&#xf3ff;||fa||900&Prime; pac_dtm_tab_bg_color=\u00a0\u00bbwhitesmoke\u00a0\u00bb _builder_version=\u00a0\u00bb4.27.0&Prime; _module_preset=\u00a0\u00bbdefault\u00a0\u00bb hover_enabled=\u00a0\u00bb0&Prime; global_colors_info=\u00a0\u00bb{}\u00a0\u00bb sticky_enabled=\u00a0\u00bb0&Prime;][et_pb_section global_module=\"250550 \"][\/et_pb_section][\/pac_dtm_child][pac_dtm_child pac_dtm_tab_label=\u00a0\u00bbAccessibilit\u00e9\u00a0\u00bb pac_dtm_use_img_icon=\u00a0\u00bbon\u00a0\u00bb pac_dtm_icon=\u00a0\u00bb&#xf29a;||fa||900&Prime; pac_dtm_tab_bg_color=\u00a0\u00bbwhitesmoke\u00a0\u00bb _builder_version=\u00a0\u00bb4.27.0&Prime; _module_preset=\u00a0\u00bbdefault\u00a0\u00bb hover_enabled=\u00a0\u00bb0&Prime; global_colors_info=\u00a0\u00bb{}\u00a0\u00bb sticky_enabled=\u00a0\u00bb0&Prime;][et_pb_section global_module=\"250575 \"][\/et_pb_section][\/pac_dtm_child][pac_dtm_child pac_dtm_tab_label=\u00a0\u00bbComment arriver\u00a0\u00bb pac_dtm_use_img_icon=\u00a0\u00bbon\u00a0\u00bb pac_dtm_icon=\u00a0\u00bb&#xf3c5;||fa||900&Prime; pac_dtm_tab_bg_color=\u00a0\u00bbwhitesmoke\u00a0\u00bb _builder_version=\u00a0\u00bb4.27.0&Prime; _module_preset=\u00a0\u00bbdefault\u00a0\u00bb hover_enabled=\u00a0\u00bb0&Prime; global_colors_info=\u00a0\u00bb{}\u00a0\u00bb sticky_enabled=\u00a0\u00bb0&Prime;][et_pb_section global_module=\"250596 \"][\/et_pb_section][\/pac_dtm_child][\/pac_dtm_parent][\/et_pb_column][\/et_pb_row][et_pb_row disabled_on=\u00a0\u00bboff|off|on\u00a0\u00bb _builder_version=\u00a0\u00bb4.27.0&Prime; _module_preset=\u00a0\u00bbdefault\u00a0\u00bb hover_enabled=\u00a0\u00bb0&Prime; locked=\u00a0\u00bboff\u00a0\u00bb global_colors_info=\u00a0\u00bb{}\u00a0\u00bb sticky_enabled=\u00a0\u00bb0&Prime;][et_pb_column type=\u00a0\u00bb4_4&Prime; _builder_version=\u00a0\u00bb4.27.0&Prime; _module_preset=\u00a0\u00bbdefault\u00a0\u00bb global_colors_info=\u00a0\u00bb{}\u00a0\u00bb][et_pb_toggle title=\u00a0\u00bbHoraires et tarifs\u00a0\u00bb _builder_version=\u00a0\u00bb4.27.0&Prime; _module_preset=\u00a0\u00bbdefault\u00a0\u00bb custom_margin=\u00a0\u00bb||0px||false|false\u00a0\u00bb global_colors_info=\u00a0\u00bb{}\u00a0\u00bb][et_pb_section global_module=\"252147 \"][\/et_pb_section][\/et_pb_toggle][et_pb_toggle title=\u00a0\u00bbRecommandations de visite\u00a0\u00bb _builder_version=\u00a0\u00bb4.27.0&Prime; _module_preset=\u00a0\u00bbdefault\u00a0\u00bb custom_margin=\u00a0\u00bb||0px|||\u00a0\u00bb global_colors_info=\u00a0\u00bb{}\u00a0\u00bb][et_pb_section global_module=\"252141 \"][\/et_pb_section][\/et_pb_toggle][et_pb_toggle title=\u00a0\u00bb Accessibilit\u00e9\u00a0\u00bb _builder_version=\u00a0\u00bb4.27.0&Prime; _module_preset=\u00a0\u00bbdefault\u00a0\u00bb custom_margin=\u00a0\u00bb||0px||false|false\u00a0\u00bb global_colors_info=\u00a0\u00bb{}\u00a0\u00bb][et_pb_section global_module=\"252138 \"][\/et_pb_section][\/et_pb_toggle][et_pb_toggle title=\u00a0\u00bb Comment arriver\u00a0\u00bb _builder_version=\u00a0\u00bb4.27.0&Prime; _module_preset=\u00a0\u00bbdefault\u00a0\u00bb custom_margin=\u00a0\u00bb||0px||false|false\u00a0\u00bb global_colors_info=\u00a0\u00bb{}\u00a0\u00bb][et_pb_section global_module=\"252126 \"][\/et_pb_section][\/et_pb_toggle][\/et_pb_column][\/et_pb_row][\/et_pb_section]<\/p>\n","protected":false},"excerpt":{"rendered":"<p>Billet Mus\u00e9e du Port fluvial de CaesaraugustaLe complexe monumental conserv\u00e9, dat\u00e9 entre la fin du Ier si\u00e8cle av. J.-C. et le Ier si\u00e8cle apr. J.-C., se compose de plusieurs embrasures appartenant \u00e0 une fa\u00e7ade d\u2019arches, qui donnaient acc\u00e8s \u00e0 un vestibule o\u00f9 des marches reliaient les quais du port et le forum de la cit\u00e9.<div class=\"et_pb_module pac_dtm_parent pac_dtm_parent_0\">\n\t\t\t\t\n\t\t\t\t\n\t\t\t\t\n\t\t\t\t\n\t\t\t\t\n\t\t\t\t\n\t\t\t\t<div class=\"et_pb_module_inner\">\n\t\t\t\t\t<div class=\"pac_dtm-wrapper pac_dtm-controls-bottom pac_dtm-controls-tablet-bottom pac_dtm-controls-phone-bottom\">\n                <div class=\"pac_dtm-controls pac_dtm-controls-off pac_dtm-controls-tablet-off pac_dtm-controls-phone-off\">\n                    <span class=\"pac_dtm-controls-single pac_dtm-prev\">Prev<\/span>\n                    <ul class=\"navs pac_dtm-navs\" role=\"tablist\">\n                        \n                    <\/ul>\n                    <span class=\"pac_dtm-controls-single pac_dtm-next\">Next<\/span>\n                <\/div>\n                <div class=\"pac_dtm_container pac_dtm-top pac_dtm-tablet-top pac_dtm-phone-top pac_dtm-navstyle-hiddennav\"\n                data-pac_dtm_mobile_menu_icon=\"off\"\n                data-pac_dtm_mobile_menu_icon_state=\"expanded\"\n                data-pac_dtm_tab_change_method=\"click\"\n                data-pac_dtm_tab_change_method_tablet=\"click\"\n                data-pac_dtm_tab_change_method_phone=\"click\"\n                data-pac_dtm_animation=\"off\"\n                data-pac_dtm_rotation=\"off\"\n                data-pac_dtm_rotation_tablet=\"off\"\n                data-pac_dtm_rotation_phone=\"off\"\n                data-pac_dtm_active_tab=\"1\"\n                data-pac_dtm_tabs_deeplinking=\"off\"\n                data-pac_dtm_animation_duration=\"500\"\n                data-pac_dtm_animation_effect=\"\"\n                data-pac_dtm_rotation_delay=\"3000\"\n                data-pac_dtm_rotation_onclick=\"off\">\n                    \n                    <ul class=\"pac_dtm_tabnav pac_dtm_tabnav-hidden-off pac_dtm_tabnav-hidden-tablet-off pac_dtm_tabnav-hidden-phone-off pac_dtm-fullwidth-off pac_dtm-fullwidth-tablet-off pac_dtm-fullwidth-phone-off\" role=\"tablist\">\n                        \n                    <\/ul>\n                    <div class=\"pac_dtm_child_container \">\n                        \n                    <\/div>\n                <\/div>\n            <\/div>\n\t\t\t\t<\/div>\n\t\t\t<\/div><\/p>\n","protected":false},"author":1,"featured_media":0,"parent":0,"menu_order":0,"comment_status":"closed","ping_status":"closed","template":"","meta":{"_et_pb_use_builder":"on","_et_pb_old_content":"","_et_gb_content_width":"","footnotes":""},"class_list":["post-251425","page","type-page","status-publish","hentry"],"_links":{"self":[{"href":"https:\/\/museos-cultura.zaragoza.es\/fr\/wp-json\/wp\/v2\/pages\/251425","targetHints":{"allow":["GET"]}}],"collection":[{"href":"https:\/\/museos-cultura.zaragoza.es\/fr\/wp-json\/wp\/v2\/pages"}],"about":[{"href":"https:\/\/museos-cultura.zaragoza.es\/fr\/wp-json\/wp\/v2\/types\/page"}],"author":[{"embeddable":true,"href":"https:\/\/museos-cultura.zaragoza.es\/fr\/wp-json\/wp\/v2\/users\/1"}],"replies":[{"embeddable":true,"href":"https:\/\/museos-cultura.zaragoza.es\/fr\/wp-json\/wp\/v2\/comments?post=251425"}],"version-history":[{"count":13,"href":"https:\/\/museos-cultura.zaragoza.es\/fr\/wp-json\/wp\/v2\/pages\/251425\/revisions"}],"predecessor-version":[{"id":253288,"href":"https:\/\/museos-cultura.zaragoza.es\/fr\/wp-json\/wp\/v2\/pages\/251425\/revisions\/253288"}],"wp:attachment":[{"href":"https:\/\/museos-cultura.zaragoza.es\/fr\/wp-json\/wp\/v2\/media?parent=251425"}],"curies":[{"name":"wp","href":"https:\/\/api.w.org\/{rel}","templated":true}]}}