{"id":251712,"date":"2024-05-31T09:40:20","date_gmt":"2024-05-31T09:40:20","guid":{"rendered":"https:\/\/museos-cultura.zaragoza.es\/info-visite-zmuseums-route\/"},"modified":"2026-01-27T14:37:03","modified_gmt":"2026-01-27T14:37:03","slug":"info-visite-zmuseums-route","status":"publish","type":"page","link":"https:\/\/museos-cultura.zaragoza.es\/fr\/info-visite-zmuseums-route\/","title":{"rendered":"Info Visite Zmuseums Route"},"content":{"rendered":"<p>[et_pb_section fb_built=\u00a0\u00bb1&Prime; _builder_version=\u00a0\u00bb4.27.0&Prime; _module_preset=\u00a0\u00bbdefault\u00a0\u00bb background_color=\u00a0\u00bb#f5f5f5&Prime; global_colors_info=\u00a0\u00bb{}\u00a0\u00bb][et_pb_row column_structure=\u00a0\u00bb2_5,3_5&Prime; use_custom_gutter=\u00a0\u00bbon\u00a0\u00bb gutter_width=\u00a0\u00bb2&Prime; make_equal=\u00a0\u00bbon\u00a0\u00bb disabled_on=\u00a0\u00bboff|off|off\u00a0\u00bb _builder_version=\u00a0\u00bb4.27.0&Prime; _module_preset=\u00a0\u00bbdefault\u00a0\u00bb background_color=\u00a0\u00bb#FFFFFF\u00a0\u00bb max_width=\u00a0\u00bb1270px\u00a0\u00bb custom_margin=\u00a0\u00bb50px||50px||true|false\u00a0\u00bb custom_padding=\u00a0\u00bb2px|2px|2px|2px|true|true\u00a0\u00bb border_style_all=\u00a0\u00bbdouble\u00a0\u00bb global_colors_info=\u00a0\u00bb{}\u00a0\u00bb][et_pb_column type=\u00a0\u00bb2_5&Prime; _builder_version=\u00a0\u00bb4.25.1&Prime; _module_preset=\u00a0\u00bbdefault\u00a0\u00bb global_colors_info=\u00a0\u00bb{}\u00a0\u00bb][et_pb_image src=\u00a0\u00bbhttps:\/\/museos-cultura.zaragoza.es\/wp-content\/uploads\/2024\/05\/Zmuseo-Ruta.png\u00a0\u00bb title_text=\u00a0\u00bbZmuseo Ruta\u00a0\u00bb _builder_version=\u00a0\u00bb4.25.1&Prime; _module_preset=\u00a0\u00bbdefault\u00a0\u00bb global_colors_info=\u00a0\u00bb{}\u00a0\u00bb][\/et_pb_image][\/et_pb_column][et_pb_column type=\u00a0\u00bb3_5&Prime; _builder_version=\u00a0\u00bb4.25.1&Prime; _module_preset=\u00a0\u00bbdefault\u00a0\u00bb global_colors_info=\u00a0\u00bb{}\u00a0\u00bb][et_pb_text _builder_version=\u00a0\u00bb4.27.0&Prime; _module_preset=\u00a0\u00bbdefault\u00a0\u00bb text_font=\u00a0\u00bbArial|600|||||||\u00a0\u00bb header_font=\u00a0\u00bb|700|||||||\u00a0\u00bb header_3_font=\u00a0\u00bb&#8211;et_global_heading_font|700|||||||\u00a0\u00bb header_3_font_size=\u00a0\u00bb16px\u00a0\u00bb header_3_line_height=\u00a0\u00bb1.1em\u00a0\u00bb custom_margin=\u00a0\u00bb1vw||0vw||false|false\u00a0\u00bb custom_margin_tablet=\u00a0\u00bb10px||15px|10px|false|false\u00a0\u00bb custom_margin_phone=\u00a0\u00bb1vw||1vw||true|false\u00a0\u00bb custom_margin_last_edited=\u00a0\u00bbon|phone\u00a0\u00bb custom_padding=\u00a0\u00bb||||false|false\u00a0\u00bb header_3_font_size_tablet=\u00a0\u00bb16px\u00a0\u00bb header_3_font_size_phone=\u00a0\u00bb14px\u00a0\u00bb header_3_font_size_last_edited=\u00a0\u00bbon|desktop\u00a0\u00bb locked=\u00a0\u00bboff\u00a0\u00bb global_colors_info=\u00a0\u00bb{}\u00a0\u00bb]<\/p>\n<h3>Visite Zmuseums. Route de Caesaraugusta<\/h3>\n<p>[\/et_pb_text][et_pb_text _builder_version=\u00a0\u00bb4.27.0&Prime; _module_preset=\u00a0\u00bbdefault\u00a0\u00bb text_font=\u00a0\u00bb&#8211;et_global_body_font||||||||\u00a0\u00bb text_text_color=\u00a0\u00bb#000000&Prime; text_orientation=\u00a0\u00bbjustified\u00a0\u00bb custom_margin=\u00a0\u00bb|50px|0vw||false|false\u00a0\u00bb custom_margin_tablet=\u00a0\u00bb1vw|10px|1vw|10px|true|true\u00a0\u00bb custom_margin_phone=\u00a0\u00bb1vw|10px|4vw|10px|false|true\u00a0\u00bb custom_margin_last_edited=\u00a0\u00bbon|phone\u00a0\u00bb text_font_size_tablet=\u00a0\u00bb\u00a0\u00bb text_font_size_phone=\u00a0\u00bb12px\u00a0\u00bb text_font_size_last_edited=\u00a0\u00bbon|phone\u00a0\u00bb locked=\u00a0\u00bboff\u00a0\u00bb global_colors_info=\u00a0\u00bb{}\u00a0\u00bb]<\/p>\n<p>Faites une visite guid\u00e9e des quatre mus\u00e9es de site qui composent la Route de Caesaraugusta : Forum, Port fluvial, Bains publics et Th\u00e9\u00e2tre, et qui constituaient l&rsquo;\u00e9picentre de la vie publique et culturelle de la ville. Visite incluse avec l&rsquo;achat du billet pour la route Caesaraugusta sans frais suppl\u00e9mentaires.<br \/>Ces visites s&rsquo;adressent \u00e0 des publics individuels et ont une capacit\u00e9 d&rsquo;accueil maximale de 25 personnes.<\/p>\n<p><\/p>\n<p><span style=\"color: #ff0000;\">Inscription \u00e9galement en personne au Mus\u00e9e Forum (le jour m\u00eame de la visite et sur pr\u00e9sentation du billet pour la Route Caesaraugusta).<\/span><\/p>\n<p><\/p>\n<p><strong style=\"color: #ff0000;\">IMPORTANT <\/strong><span style=\"color: #ff0000;\">: Il est n\u00e9cessaire d&rsquo;avoir achet\u00e9 le billet de la Route Caesaragusta pour pouvoir r\u00e9server la visite guid\u00e9e des Zmuseos.<\/span><\/p>\n<p>[\/et_pb_text][et_pb_button button_url=\u00a0\u00bbhttps:\/\/museos-entradas.zaragoza.es\/reservarEntradas?ck=48D30101161801150A515E44273F323C7A3375696B757B607B4946440951C6047909706D15F613AB442133392129385336333227445F070E5B110E1106031647480A0351C60449320E6213954E\u00a0\u00bb button_text=\u00a0\u00bbACHETER\u00a0\u00bb button_alignment=\u00a0\u00bbright\u00a0\u00bb button_alignment_tablet=\u00a0\u00bbcenter\u00a0\u00bb button_alignment_phone=\u00a0\u00bbcenter\u00a0\u00bb button_alignment_last_edited=\u00a0\u00bbon|tablet\u00a0\u00bb disabled_on=\u00a0\u00bbon|on|on\u00a0\u00bb _builder_version=\u00a0\u00bb4.27.4&Prime; _module_preset=\u00a0\u00bbdefault\u00a0\u00bb custom_button=\u00a0\u00bbon\u00a0\u00bb button_text_size=\u00a0\u00bb16px\u00a0\u00bb button_text_color=\u00a0\u00bb#FFFFFF\u00a0\u00bb button_bg_color=\u00a0\u00bb#4b4b4b\u00a0\u00bb button_border_width=\u00a0\u00bb0px\u00a0\u00bb button_border_radius=\u00a0\u00bb0px\u00a0\u00bb button_letter_spacing=\u00a0\u00bb1px\u00a0\u00bb button_font=\u00a0\u00bb||||||||\u00a0\u00bb button_use_icon=\u00a0\u00bboff\u00a0\u00bb custom_margin=\u00a0\u00bb5px|2vw|5px||true|false\u00a0\u00bb custom_margin_tablet=\u00a0\u00bb|||60vw|true|false\u00a0\u00bb custom_margin_phone=\u00a0\u00bb|||40vw|true|false\u00a0\u00bb custom_margin_last_edited=\u00a0\u00bbon|phone\u00a0\u00bb custom_padding=\u00a0\u00bb8px|20px|8px|20px|true|true\u00a0\u00bb hover_enabled=\u00a0\u00bb0&Prime; button_text_size_tablet=\u00a0\u00bb14px\u00a0\u00bb button_text_size_phone=\u00a0\u00bb14px\u00a0\u00bb button_text_size_last_edited=\u00a0\u00bbon|phone\u00a0\u00bb locked=\u00a0\u00bboff\u00a0\u00bb global_colors_info=\u00a0\u00bb{}\u00a0\u00bb button_bg_color__hover_enabled=\u00a0\u00bbon|hover\u00a0\u00bb button_bg_color__hover=\u00a0\u00bb#736554&Prime; button_bg_enable_color__hover=\u00a0\u00bbon\u00a0\u00bb disabled=\u00a0\u00bbon\u00a0\u00bb sticky_enabled=\u00a0\u00bb0&Prime;][\/et_pb_button][\/et_pb_column][\/et_pb_row][\/et_pb_section]<\/p>\n","protected":false},"excerpt":{"rendered":"<p>Visite Zmuseums. Route de CaesaraugustaFaites une visite guid\u00e9e des quatre mus\u00e9es de site qui composent la Route de Caesaraugusta : Forum, Port fluvial, Bains publics et Th\u00e9\u00e2tre, et qui constituaient l&rsquo;\u00e9picentre de la vie publique et culturelle de la ville. Visite incluse avec l&rsquo;achat du billet pour la route Caesaraugusta sans frais suppl\u00e9mentaires.Ces visites s&rsquo;adressent [&hellip;]<\/p>\n","protected":false},"author":2,"featured_media":0,"parent":0,"menu_order":0,"comment_status":"closed","ping_status":"closed","template":"","meta":{"_et_pb_use_builder":"on","_et_pb_old_content":"","_et_gb_content_width":"","footnotes":""},"class_list":["post-251712","page","type-page","status-publish","hentry"],"_links":{"self":[{"href":"https:\/\/museos-cultura.zaragoza.es\/fr\/wp-json\/wp\/v2\/pages\/251712","targetHints":{"allow":["GET"]}}],"collection":[{"href":"https:\/\/museos-cultura.zaragoza.es\/fr\/wp-json\/wp\/v2\/pages"}],"about":[{"href":"https:\/\/museos-cultura.zaragoza.es\/fr\/wp-json\/wp\/v2\/types\/page"}],"author":[{"embeddable":true,"href":"https:\/\/museos-cultura.zaragoza.es\/fr\/wp-json\/wp\/v2\/users\/2"}],"replies":[{"embeddable":true,"href":"https:\/\/museos-cultura.zaragoza.es\/fr\/wp-json\/wp\/v2\/comments?post=251712"}],"version-history":[{"count":20,"href":"https:\/\/museos-cultura.zaragoza.es\/fr\/wp-json\/wp\/v2\/pages\/251712\/revisions"}],"predecessor-version":[{"id":255107,"href":"https:\/\/museos-cultura.zaragoza.es\/fr\/wp-json\/wp\/v2\/pages\/251712\/revisions\/255107"}],"wp:attachment":[{"href":"https:\/\/museos-cultura.zaragoza.es\/fr\/wp-json\/wp\/v2\/media?parent=251712"}],"curies":[{"name":"wp","href":"https:\/\/api.w.org\/{rel}","templated":true}]}}